{"id":1488,"date":"2021-03-27T18:10:58","date_gmt":"2021-03-27T18:10:58","guid":{"rendered":"https:\/\/meinekarriere.info\/?page_id=1488"},"modified":"2021-03-28T13:15:36","modified_gmt":"2021-03-28T13:15:36","slug":"abschluss-mit-diplom","status":"publish","type":"page","link":"https:\/\/meinekarriere.info\/?page_id=1488","title":{"rendered":"Abschluss mit Diplom"},"content":{"rendered":"\n<figure class=\"wp-block-image size-large\"><img loading=\"lazy\" width=\"1024\" height=\"719\" src=\"https:\/\/meinekarriere.info\/wp-content\/uploads\/2021\/03\/Werbeakademie-1024x719.jpg\" alt=\"\" class=\"wp-image-1489\" srcset=\"https:\/\/meinekarriere.info\/wp-content\/uploads\/2021\/03\/Werbeakademie-1024x719.jpg 1024w, https:\/\/meinekarriere.info\/wp-content\/uploads\/2021\/03\/Werbeakademie-300x211.jpg 300w, https:\/\/meinekarriere.info\/wp-content\/uploads\/2021\/03\/Werbeakademie-768x539.jpg 768w, https:\/\/meinekarriere.info\/wp-content\/uploads\/2021\/03\/Werbeakademie.jpg 1189w\" sizes=\"(max-width: 1024px) 100vw, 1024px\" \/><\/figure>\n\n\n\n<p><\/p>\n\n\n\n<h1>Werbeakademie<\/h1>\n\n\n\n<p>Die <a href=\"https:\/\/www.werbeakademie.at\/\">Werbe Akademie<\/a> ist die f\u00fchrende \u00f6sterreichische Aus- und Weiterbildungsinstitution f\u00fcr Beratung, Text und Grafikdesign. Die enge Zusammenarbeit mit Dozentinnen und Dozenten aus der Branche und den Branchenverb\u00e4nden stellt sicher, dass die Lehrg\u00e4nge der Werbe Akademie den Ausbildungserfordernissen der Praxis entsprechen.<\/p>\n\n\n\n<figure class=\"wp-block-image size-large\"><img loading=\"lazy\" width=\"368\" height=\"279\" src=\"https:\/\/meinekarriere.info\/wp-content\/uploads\/2021\/03\/logo_neu.png\" alt=\"\" class=\"wp-image-1491\" srcset=\"https:\/\/meinekarriere.info\/wp-content\/uploads\/2021\/03\/logo_neu.png 368w, https:\/\/meinekarriere.info\/wp-content\/uploads\/2021\/03\/logo_neu-300x227.png 300w\" sizes=\"(max-width: 368px) 100vw, 368px\" \/><\/figure>\n\n\n\n<figure class=\"wp-block-embed\"><div class=\"wp-block-embed__wrapper\">\nhttps:\/\/www.werbeakademie.at\/\n<\/div><\/figure>\n","protected":false},"excerpt":{"rendered":"<p>Werbeakademie Die Werbe Akademie ist die f\u00fchrende \u00f6sterreichische Aus- und Weiterbildungsinstitution f\u00fcr Beratung, Text und Grafikdesign. Die enge Zusammenarbeit mit Dozentinnen und Dozenten aus der Branche und den Branchenverb\u00e4nden stellt &#8230;<\/p>\n","protected":false},"author":1,"featured_media":0,"parent":0,"menu_order":0,"comment_status":"closed","ping_status":"closed","template":"","meta":[],"_links":{"self":[{"href":"https:\/\/meinekarriere.info\/index.php?rest_route=\/wp\/v2\/pages\/1488"}],"collection":[{"href":"https:\/\/meinekarriere.info\/index.php?rest_route=\/wp\/v2\/pages"}],"about":[{"href":"https:\/\/meinekarriere.info\/index.php?rest_route=\/wp\/v2\/types\/page"}],"author":[{"embeddable":true,"href":"https:\/\/meinekarriere.info\/index.php?rest_route=\/wp\/v2\/users\/1"}],"replies":[{"embeddable":true,"href":"https:\/\/meinekarriere.info\/index.php?rest_route=%2Fwp%2Fv2%2Fcomments&post=1488"}],"version-history":[{"count":3,"href":"https:\/\/meinekarriere.info\/index.php?rest_route=\/wp\/v2\/pages\/1488\/revisions"}],"predecessor-version":[{"id":1591,"href":"https:\/\/meinekarriere.info\/index.php?rest_route=\/wp\/v2\/pages\/1488\/revisions\/1591"}],"wp:attachment":[{"href":"https:\/\/meinekarriere.info\/index.php?rest_route=%2Fwp%2Fv2%2Fmedia&parent=1488"}],"curies":[{"name":"wp","href":"https:\/\/api.w.org\/{rel}","templated":true}]}}